{"id":25683,"date":"2023-04-06T09:14:43","date_gmt":"2023-04-06T07:14:43","guid":{"rendered":"https:\/\/tkpartizan.rs\/legends-of-the-club\/"},"modified":"2023-04-06T09:55:59","modified_gmt":"2023-04-06T07:55:59","slug":"legends-of-the-club","status":"publish","type":"page","link":"https:\/\/tkpartizan.rs\/en\/legends-of-the-club\/","title":{"rendered":"Legends of the club"},"content":{"rendered":"\t\t<div data-elementor-type=\"wp-page\" data-elementor-id=\"25683\" class=\"elementor elementor-25683 elementor-25634\">\n\t\t\t\t\t\t<section class=\"elementor-section elementor-top-section elementor-element elementor-element-dd83e8c elementor-section-boxed elementor-section-height-default elementor-section-height-default sc_fly_static\" data-id=\"dd83e8c\" data-element_type=\"section\">\n\t\t\t\t\t\t<div class=\"elementor-container elementor-column-gap-extended\">\n\t\t\t\t\t<div class=\"elementor-column elementor-col-25 elementor-top-column elementor-element elementor-element-c81849e sc_inner_width_none sc_content_align_inherit sc_layouts_column_icons_position_left sc_fly_static\" data-id=\"c81849e\" data-element_type=\"column\">\n\t\t\t<div class=\"elementor-widget-wrap\">\n\t\t\t\t\t\t\t<\/div>\n\t\t<\/div>\n\t\t\t\t<div class=\"elementor-column elementor-col-25 elementor-top-column elementor-element elementor-element-eb1aec5 sc_inner_width_none sc_content_align_inherit sc_layouts_column_icons_position_left sc_fly_static\" data-id=\"eb1aec5\" data-element_type=\"column\">\n\t\t\t<div class=\"elementor-widget-wrap\">\n\t\t\t\t\t\t\t<\/div>\n\t\t<\/div>\n\t\t\t\t<div class=\"elementor-column elementor-col-25 elementor-top-column elementor-element elementor-element-17ba26e sc_inner_width_none sc_content_align_inherit sc_layouts_column_icons_position_left sc_fly_static\" data-id=\"17ba26e\" data-element_type=\"column\">\n\t\t\t<div class=\"elementor-widget-wrap\">\n\t\t\t\t\t\t\t<\/div>\n\t\t<\/div>\n\t\t\t\t<div class=\"elementor-column elementor-col-25 elementor-top-column elementor-element elementor-element-22ff3e7 sc_inner_width_none sc_content_align_inherit sc_layouts_column_icons_position_left sc_fly_static\" data-id=\"22ff3e7\" data-element_type=\"column\">\n\t\t\t<div class=\"elementor-widget-wrap\">\n\t\t\t\t\t\t\t<\/div>\n\t\t<\/div>\n\t\t\t\t\t<\/div>\n\t\t<\/section>\n\t\t\t\t<section class=\"elementor-section elementor-top-section elementor-element elementor-element-98eee8d elementor-section-boxed elementor-section-height-default elementor-section-height-default sc_fly_static\" data-id=\"98eee8d\" data-element_type=\"section\">\n\t\t\t\t\t\t<div class=\"elementor-container elementor-column-gap-extended\">\n\t\t\t\t\t<div class=\"elementor-column elementor-col-100 elementor-top-column elementor-element elementor-element-1ec2a2c sc_inner_width_none sc_content_align_inherit sc_layouts_column_icons_position_left sc_fly_static\" data-id=\"1ec2a2c\" data-element_type=\"column\">\n\t\t\t<div class=\"elementor-widget-wrap elementor-element-populated\">\n\t\t\t\t\t\t<div class=\"elementor-element elementor-element-fb1d806 sc_fly_static elementor-widget elementor-widget-image-gallery\" data-id=\"fb1d806\" data-element_type=\"widget\" data-widget_type=\"image-gallery.default\">\n\t\t\t\t<div class=\"elementor-widget-container\">\n\t\t\t\t\t<div class=\"elementor-image-gallery\">\n\t\t\t<div id='gallery-1' class='gallery galleryid-25683 gallery-columns-4 gallery-size-medium_large'><figure class='gallery-item'>\n\t\t\t<div class='gallery-icon landscape'>\n\t\t\t\t<a data-elementor-open-lightbox=\"yes\" data-elementor-lightbox-slideshow=\"fb1d806\" data-elementor-lightbox-title=\"NovakBlack-copy\" data-e-action-hash=\"#elementor-action%3Aaction%3Dlightbox%26settings%3DeyJpZCI6MjU2NjksInVybCI6Imh0dHBzOlwvXC90a3BhcnRpemFuLnJzXC93cC1jb250ZW50XC91cGxvYWRzXC8yMDIzXC8wNFwvTm92YWtCbGFjay1jb3B5LmpwZyIsInNsaWRlc2hvdyI6ImZiMWQ4MDYifQ%3D%3D\" href='https:\/\/tkpartizan.rs\/wp-content\/uploads\/2023\/04\/NovakBlack-copy.jpg'><img fetchpriority=\"high\" decoding=\"async\" width=\"400\" height=\"400\" src=\"https:\/\/tkpartizan.rs\/wp-content\/uploads\/2023\/04\/NovakBlack-copy.jpg\" class=\"attachment-medium_large size-medium_large\" alt=\"\" aria-describedby=\"gallery-1-25669\" srcset=\"https:\/\/tkpartizan.rs\/wp-content\/uploads\/2023\/04\/NovakBlack-copy.jpg 400w, https:\/\/tkpartizan.rs\/wp-content\/uploads\/2023\/04\/NovakBlack-copy-300x300.jpg 300w, https:\/\/tkpartizan.rs\/wp-content\/uploads\/2023\/04\/NovakBlack-copy-150x150.jpg 150w, https:\/\/tkpartizan.rs\/wp-content\/uploads\/2023\/04\/NovakBlack-copy-370x370.jpg 370w, https:\/\/tkpartizan.rs\/wp-content\/uploads\/2023\/04\/NovakBlack-copy-120x120.jpg 120w\" sizes=\"(max-width: 600px) 100vw, 400px\" \/><\/a>\n\t\t\t<\/div>\n\t\t\t\t<figcaption class='wp-caption-text gallery-caption' id='gallery-1-25669'>\n\t\t\t\tNovak \u0110okovi\u0107\n\t\t\t\t<\/figcaption><\/figure><figure class='gallery-item'>\n\t\t\t<div class='gallery-icon landscape'>\n\t\t\t\t<a data-elementor-open-lightbox=\"yes\" data-elementor-lightbox-slideshow=\"fb1d806\" data-elementor-lightbox-title=\"a1-copy\" data-e-action-hash=\"#elementor-action%3Aaction%3Dlightbox%26settings%3DeyJpZCI6MjU2NDIsInVybCI6Imh0dHBzOlwvXC90a3BhcnRpemFuLnJzXC93cC1jb250ZW50XC91cGxvYWRzXC8yMDIzXC8wNFwvYTEtY29weS5qcGciLCJzbGlkZXNob3ciOiJmYjFkODA2In0%3D\" href='https:\/\/tkpartizan.rs\/wp-content\/uploads\/2023\/04\/a1-copy.jpg'><img decoding=\"async\" width=\"400\" height=\"400\" src=\"https:\/\/tkpartizan.rs\/wp-content\/uploads\/2023\/04\/a1-copy.jpg\" class=\"attachment-medium_large size-medium_large\" alt=\"\" aria-describedby=\"gallery-1-25642\" srcset=\"https:\/\/tkpartizan.rs\/wp-content\/uploads\/2023\/04\/a1-copy.jpg 400w, https:\/\/tkpartizan.rs\/wp-content\/uploads\/2023\/04\/a1-copy-300x300.jpg 300w, https:\/\/tkpartizan.rs\/wp-content\/uploads\/2023\/04\/a1-copy-150x150.jpg 150w, https:\/\/tkpartizan.rs\/wp-content\/uploads\/2023\/04\/a1-copy-370x370.jpg 370w, https:\/\/tkpartizan.rs\/wp-content\/uploads\/2023\/04\/a1-copy-120x120.jpg 120w\" sizes=\"(max-width: 600px) 100vw, 400px\" \/><\/a>\n\t\t\t<\/div>\n\t\t\t\t<figcaption class='wp-caption-text gallery-caption' id='gallery-1-25642'>\n\t\t\t\tAna Ivanovi\u0107\n\t\t\t\t<\/figcaption><\/figure><figure class='gallery-item'>\n\t\t\t<div class='gallery-icon landscape'>\n\t\t\t\t<a data-elementor-open-lightbox=\"yes\" data-elementor-lightbox-slideshow=\"fb1d806\" data-elementor-lightbox-title=\"janko1-copy\" data-e-action-hash=\"#elementor-action%3Aaction%3Dlightbox%26settings%3DeyJpZCI6MjU2NTQsInVybCI6Imh0dHBzOlwvXC90a3BhcnRpemFuLnJzXC93cC1jb250ZW50XC91cGxvYWRzXC8yMDIzXC8wNFwvamFua28xLWNvcHkuanBnIiwic2xpZGVzaG93IjoiZmIxZDgwNiJ9\" href='https:\/\/tkpartizan.rs\/wp-content\/uploads\/2023\/04\/janko1-copy.jpg'><img decoding=\"async\" width=\"400\" height=\"400\" src=\"https:\/\/tkpartizan.rs\/wp-content\/uploads\/2023\/04\/janko1-copy.jpg\" class=\"attachment-medium_large size-medium_large\" alt=\"\" aria-describedby=\"gallery-1-25654\" srcset=\"https:\/\/tkpartizan.rs\/wp-content\/uploads\/2023\/04\/janko1-copy.jpg 400w, https:\/\/tkpartizan.rs\/wp-content\/uploads\/2023\/04\/janko1-copy-300x300.jpg 300w, https:\/\/tkpartizan.rs\/wp-content\/uploads\/2023\/04\/janko1-copy-150x150.jpg 150w, https:\/\/tkpartizan.rs\/wp-content\/uploads\/2023\/04\/janko1-copy-370x370.jpg 370w, https:\/\/tkpartizan.rs\/wp-content\/uploads\/2023\/04\/janko1-copy-120x120.jpg 120w\" sizes=\"(max-width: 600px) 100vw, 400px\" \/><\/a>\n\t\t\t<\/div>\n\t\t\t\t<figcaption class='wp-caption-text gallery-caption' id='gallery-1-25654'>\n\t\t\t\tJanko Tipisarevi\u0107\n\t\t\t\t<\/figcaption><\/figure><figure class='gallery-item'>\n\t\t\t<div class='gallery-icon landscape'>\n\t\t\t\t<a data-elementor-open-lightbox=\"yes\" data-elementor-lightbox-slideshow=\"fb1d806\" data-elementor-lightbox-title=\"Andreabw\" data-e-action-hash=\"#elementor-action%3Aaction%3Dlightbox%26settings%3DeyJpZCI6MjU2NjAsInVybCI6Imh0dHBzOlwvXC90a3BhcnRpemFuLnJzXC93cC1jb250ZW50XC91cGxvYWRzXC8yMDIzXC8wNFwvQW5kcmVhYncuanBnIiwic2xpZGVzaG93IjoiZmIxZDgwNiJ9\" href='https:\/\/tkpartizan.rs\/wp-content\/uploads\/2023\/04\/Andreabw.jpg'><img loading=\"lazy\" decoding=\"async\" width=\"400\" height=\"400\" src=\"https:\/\/tkpartizan.rs\/wp-content\/uploads\/2023\/04\/Andreabw.jpg\" class=\"attachment-medium_large size-medium_large\" alt=\"\" aria-describedby=\"gallery-1-25660\" srcset=\"https:\/\/tkpartizan.rs\/wp-content\/uploads\/2023\/04\/Andreabw.jpg 400w, https:\/\/tkpartizan.rs\/wp-content\/uploads\/2023\/04\/Andreabw-300x300.jpg 300w, https:\/\/tkpartizan.rs\/wp-content\/uploads\/2023\/04\/Andreabw-150x150.jpg 150w, https:\/\/tkpartizan.rs\/wp-content\/uploads\/2023\/04\/Andreabw-370x370.jpg 370w, https:\/\/tkpartizan.rs\/wp-content\/uploads\/2023\/04\/Andreabw-120x120.jpg 120w\" sizes=\"(max-width: 600px) 100vw, 400px\" \/><\/a>\n\t\t\t<\/div>\n\t\t\t\t<figcaption class='wp-caption-text gallery-caption' id='gallery-1-25660'>\n\t\t\t\tAndrea Petkovi\u0107\n\t\t\t\t<\/figcaption><\/figure><figure class='gallery-item'>\n\t\t\t<div class='gallery-icon landscape'>\n\t\t\t\t<a data-elementor-open-lightbox=\"yes\" data-elementor-lightbox-slideshow=\"fb1d806\" data-elementor-lightbox-title=\"dusan1-copy\" data-e-action-hash=\"#elementor-action%3Aaction%3Dlightbox%26settings%3DeyJpZCI6MjU2NDYsInVybCI6Imh0dHBzOlwvXC90a3BhcnRpemFuLnJzXC93cC1jb250ZW50XC91cGxvYWRzXC8yMDIzXC8wNFwvZHVzYW4xLWNvcHkuanBnIiwic2xpZGVzaG93IjoiZmIxZDgwNiJ9\" href='https:\/\/tkpartizan.rs\/wp-content\/uploads\/2023\/04\/dusan1-copy.jpg'><img loading=\"lazy\" decoding=\"async\" width=\"400\" height=\"400\" src=\"https:\/\/tkpartizan.rs\/wp-content\/uploads\/2023\/04\/dusan1-copy.jpg\" class=\"attachment-medium_large size-medium_large\" alt=\"\" aria-describedby=\"gallery-1-25646\" srcset=\"https:\/\/tkpartizan.rs\/wp-content\/uploads\/2023\/04\/dusan1-copy.jpg 400w, https:\/\/tkpartizan.rs\/wp-content\/uploads\/2023\/04\/dusan1-copy-300x300.jpg 300w, https:\/\/tkpartizan.rs\/wp-content\/uploads\/2023\/04\/dusan1-copy-150x150.jpg 150w, https:\/\/tkpartizan.rs\/wp-content\/uploads\/2023\/04\/dusan1-copy-370x370.jpg 370w, https:\/\/tkpartizan.rs\/wp-content\/uploads\/2023\/04\/dusan1-copy-120x120.jpg 120w\" sizes=\"(max-width: 600px) 100vw, 400px\" \/><\/a>\n\t\t\t<\/div>\n\t\t\t\t<figcaption class='wp-caption-text gallery-caption' id='gallery-1-25646'>\n\t\t\t\tDu\u0161an Lajovi\u0107\n\t\t\t\t<\/figcaption><\/figure><figure class='gallery-item'>\n\t\t\t<div class='gallery-icon landscape'>\n\t\t\t\t<a data-elementor-open-lightbox=\"yes\" data-elementor-lightbox-slideshow=\"fb1d806\" data-elementor-lightbox-title=\"bojana1-copy\" data-e-action-hash=\"#elementor-action%3Aaction%3Dlightbox%26settings%3DeyJpZCI6MjU2NDQsInVybCI6Imh0dHBzOlwvXC90a3BhcnRpemFuLnJzXC93cC1jb250ZW50XC91cGxvYWRzXC8yMDIzXC8wNFwvYm9qYW5hMS1jb3B5LmpwZyIsInNsaWRlc2hvdyI6ImZiMWQ4MDYifQ%3D%3D\" href='https:\/\/tkpartizan.rs\/wp-content\/uploads\/2023\/04\/bojana1-copy.jpg'><img loading=\"lazy\" decoding=\"async\" width=\"400\" height=\"400\" src=\"https:\/\/tkpartizan.rs\/wp-content\/uploads\/2023\/04\/bojana1-copy.jpg\" class=\"attachment-medium_large size-medium_large\" alt=\"\" aria-describedby=\"gallery-1-25644\" srcset=\"https:\/\/tkpartizan.rs\/wp-content\/uploads\/2023\/04\/bojana1-copy.jpg 400w, https:\/\/tkpartizan.rs\/wp-content\/uploads\/2023\/04\/bojana1-copy-300x300.jpg 300w, https:\/\/tkpartizan.rs\/wp-content\/uploads\/2023\/04\/bojana1-copy-150x150.jpg 150w, https:\/\/tkpartizan.rs\/wp-content\/uploads\/2023\/04\/bojana1-copy-370x370.jpg 370w, https:\/\/tkpartizan.rs\/wp-content\/uploads\/2023\/04\/bojana1-copy-120x120.jpg 120w\" sizes=\"(max-width: 600px) 100vw, 400px\" \/><\/a>\n\t\t\t<\/div>\n\t\t\t\t<figcaption class='wp-caption-text gallery-caption' id='gallery-1-25644'>\n\t\t\t\tBojana Jovanovski\n\t\t\t\t<\/figcaption><\/figure><figure class='gallery-item'>\n\t\t\t<div class='gallery-icon landscape'>\n\t\t\t\t<a data-elementor-open-lightbox=\"yes\" data-elementor-lightbox-slideshow=\"fb1d806\" data-elementor-lightbox-title=\"boris1-copy\" data-e-action-hash=\"#elementor-action%3Aaction%3Dlightbox%26settings%3DeyJpZCI6MjU2NTYsInVybCI6Imh0dHBzOlwvXC90a3BhcnRpemFuLnJzXC93cC1jb250ZW50XC91cGxvYWRzXC8yMDIzXC8wNFwvYm9yaXMxLWNvcHkuanBnIiwic2xpZGVzaG93IjoiZmIxZDgwNiJ9\" href='https:\/\/tkpartizan.rs\/wp-content\/uploads\/2023\/04\/boris1-copy.jpg'><img loading=\"lazy\" decoding=\"async\" width=\"400\" height=\"400\" src=\"https:\/\/tkpartizan.rs\/wp-content\/uploads\/2023\/04\/boris1-copy.jpg\" class=\"attachment-medium_large size-medium_large\" alt=\"\" aria-describedby=\"gallery-1-25656\" srcset=\"https:\/\/tkpartizan.rs\/wp-content\/uploads\/2023\/04\/boris1-copy.jpg 400w, https:\/\/tkpartizan.rs\/wp-content\/uploads\/2023\/04\/boris1-copy-300x300.jpg 300w, https:\/\/tkpartizan.rs\/wp-content\/uploads\/2023\/04\/boris1-copy-150x150.jpg 150w, https:\/\/tkpartizan.rs\/wp-content\/uploads\/2023\/04\/boris1-copy-370x370.jpg 370w, https:\/\/tkpartizan.rs\/wp-content\/uploads\/2023\/04\/boris1-copy-120x120.jpg 120w\" sizes=\"(max-width: 600px) 100vw, 400px\" \/><\/a>\n\t\t\t<\/div>\n\t\t\t\t<figcaption class='wp-caption-text gallery-caption' id='gallery-1-25656'>\n\t\t\t\tBoris Pa\u0161anski\n\t\t\t\t<\/figcaption><\/figure><figure class='gallery-item'>\n\t\t\t<div class='gallery-icon landscape'>\n\t\t\t\t<a data-elementor-open-lightbox=\"yes\" data-elementor-lightbox-slideshow=\"fb1d806\" data-elementor-lightbox-title=\"olga1\" data-e-action-hash=\"#elementor-action%3Aaction%3Dlightbox%26settings%3DeyJpZCI6MjU2NTgsInVybCI6Imh0dHBzOlwvXC90a3BhcnRpemFuLnJzXC93cC1jb250ZW50XC91cGxvYWRzXC8yMDIzXC8wNFwvb2xnYTEuanBnIiwic2xpZGVzaG93IjoiZmIxZDgwNiJ9\" href='https:\/\/tkpartizan.rs\/wp-content\/uploads\/2023\/04\/olga1.jpg'><img loading=\"lazy\" decoding=\"async\" width=\"400\" height=\"400\" src=\"https:\/\/tkpartizan.rs\/wp-content\/uploads\/2023\/04\/olga1.jpg\" class=\"attachment-medium_large size-medium_large\" alt=\"\" aria-describedby=\"gallery-1-25658\" srcset=\"https:\/\/tkpartizan.rs\/wp-content\/uploads\/2023\/04\/olga1.jpg 400w, https:\/\/tkpartizan.rs\/wp-content\/uploads\/2023\/04\/olga1-300x300.jpg 300w, https:\/\/tkpartizan.rs\/wp-content\/uploads\/2023\/04\/olga1-150x150.jpg 150w, https:\/\/tkpartizan.rs\/wp-content\/uploads\/2023\/04\/olga1-370x370.jpg 370w, https:\/\/tkpartizan.rs\/wp-content\/uploads\/2023\/04\/olga1-120x120.jpg 120w\" sizes=\"(max-width: 600px) 100vw, 400px\" \/><\/a>\n\t\t\t<\/div>\n\t\t\t\t<figcaption class='wp-caption-text gallery-caption' id='gallery-1-25658'>\n\t\t\t\tOlga Danilovi\u0107\n\t\t\t\t<\/figcaption><\/figure><figure class='gallery-item'>\n\t\t\t<div class='gallery-icon landscape'>\n\t\t\t\t<a data-elementor-open-lightbox=\"yes\" data-elementor-lightbox-slideshow=\"fb1d806\" data-elementor-lightbox-title=\"ilija1-copy\" data-e-action-hash=\"#elementor-action%3Aaction%3Dlightbox%26settings%3DeyJpZCI6MjU2NTIsInVybCI6Imh0dHBzOlwvXC90a3BhcnRpemFuLnJzXC93cC1jb250ZW50XC91cGxvYWRzXC8yMDIzXC8wNFwvaWxpamExLWNvcHkuanBnIiwic2xpZGVzaG93IjoiZmIxZDgwNiJ9\" href='https:\/\/tkpartizan.rs\/wp-content\/uploads\/2023\/04\/ilija1-copy.jpg'><img loading=\"lazy\" decoding=\"async\" width=\"400\" height=\"400\" src=\"https:\/\/tkpartizan.rs\/wp-content\/uploads\/2023\/04\/ilija1-copy.jpg\" class=\"attachment-medium_large size-medium_large\" alt=\"\" aria-describedby=\"gallery-1-25652\" srcset=\"https:\/\/tkpartizan.rs\/wp-content\/uploads\/2023\/04\/ilija1-copy.jpg 400w, https:\/\/tkpartizan.rs\/wp-content\/uploads\/2023\/04\/ilija1-copy-300x300.jpg 300w, https:\/\/tkpartizan.rs\/wp-content\/uploads\/2023\/04\/ilija1-copy-150x150.jpg 150w, https:\/\/tkpartizan.rs\/wp-content\/uploads\/2023\/04\/ilija1-copy-370x370.jpg 370w, https:\/\/tkpartizan.rs\/wp-content\/uploads\/2023\/04\/ilija1-copy-120x120.jpg 120w\" sizes=\"(max-width: 600px) 100vw, 400px\" \/><\/a>\n\t\t\t<\/div>\n\t\t\t\t<figcaption class='wp-caption-text gallery-caption' id='gallery-1-25652'>\n\t\t\t\tIlija Bozoljac\n\t\t\t\t<\/figcaption><\/figure><figure class='gallery-item'>\n\t\t\t<div class='gallery-icon landscape'>\n\t\t\t\t<a data-elementor-open-lightbox=\"yes\" data-elementor-lightbox-slideshow=\"fb1d806\" data-elementor-lightbox-title=\"dusan22-copy\" data-e-action-hash=\"#elementor-action%3Aaction%3Dlightbox%26settings%3DeyJpZCI6MjU2NDgsInVybCI6Imh0dHBzOlwvXC90a3BhcnRpemFuLnJzXC93cC1jb250ZW50XC91cGxvYWRzXC8yMDIzXC8wNFwvZHVzYW4yMi1jb3B5LmpwZyIsInNsaWRlc2hvdyI6ImZiMWQ4MDYifQ%3D%3D\" href='https:\/\/tkpartizan.rs\/wp-content\/uploads\/2023\/04\/dusan22-copy.jpg'><img loading=\"lazy\" decoding=\"async\" width=\"400\" height=\"400\" src=\"https:\/\/tkpartizan.rs\/wp-content\/uploads\/2023\/04\/dusan22-copy.jpg\" class=\"attachment-medium_large size-medium_large\" alt=\"\" aria-describedby=\"gallery-1-25648\" srcset=\"https:\/\/tkpartizan.rs\/wp-content\/uploads\/2023\/04\/dusan22-copy.jpg 400w, https:\/\/tkpartizan.rs\/wp-content\/uploads\/2023\/04\/dusan22-copy-300x300.jpg 300w, https:\/\/tkpartizan.rs\/wp-content\/uploads\/2023\/04\/dusan22-copy-150x150.jpg 150w, https:\/\/tkpartizan.rs\/wp-content\/uploads\/2023\/04\/dusan22-copy-370x370.jpg 370w, https:\/\/tkpartizan.rs\/wp-content\/uploads\/2023\/04\/dusan22-copy-120x120.jpg 120w\" sizes=\"(max-width: 600px) 100vw, 400px\" \/><\/a>\n\t\t\t<\/div>\n\t\t\t\t<figcaption class='wp-caption-text gallery-caption' id='gallery-1-25648'>\n\t\t\t\tDu\u0161an Vemi\u0107\n\t\t\t\t<\/figcaption><\/figure><figure class='gallery-item'>\n\t\t\t<div class='gallery-icon landscape'>\n\t\t\t\t<a data-elementor-open-lightbox=\"yes\" data-elementor-lightbox-slideshow=\"fb1d806\" data-elementor-lightbox-title=\"fullsizeoutput_17c\" data-e-action-hash=\"#elementor-action%3Aaction%3Dlightbox%26settings%3DeyJpZCI6MjU2MzgsInVybCI6Imh0dHBzOlwvXC90a3BhcnRpemFuLnJzXC93cC1jb250ZW50XC91cGxvYWRzXC8yMDIzXC8wNFwvZnVsbHNpemVvdXRwdXRfMTdjLmpwZWciLCJzbGlkZXNob3ciOiJmYjFkODA2In0%3D\" href='https:\/\/tkpartizan.rs\/wp-content\/uploads\/2023\/04\/fullsizeoutput_17c.jpeg'><img loading=\"lazy\" decoding=\"async\" width=\"300\" height=\"300\" src=\"https:\/\/tkpartizan.rs\/wp-content\/uploads\/2023\/04\/fullsizeoutput_17c.jpeg\" class=\"attachment-medium_large size-medium_large\" alt=\"\" aria-describedby=\"gallery-1-25638\" srcset=\"https:\/\/tkpartizan.rs\/wp-content\/uploads\/2023\/04\/fullsizeoutput_17c.jpeg 300w, https:\/\/tkpartizan.rs\/wp-content\/uploads\/2023\/04\/fullsizeoutput_17c-150x150.jpeg 150w, https:\/\/tkpartizan.rs\/wp-content\/uploads\/2023\/04\/fullsizeoutput_17c-120x120.jpeg 120w\" sizes=\"(max-width: 300px) 100vw, 300px\" \/><\/a>\n\t\t\t<\/div>\n\t\t\t\t<figcaption class='wp-caption-text gallery-caption' id='gallery-1-25638'>\n\t\t\t\tRadmilo Armenuli\u0107\n\t\t\t\t<\/figcaption><\/figure><figure class='gallery-item'>\n\t\t\t<div class='gallery-icon landscape'>\n\t\t\t\t<a data-elementor-open-lightbox=\"yes\" data-elementor-lightbox-slideshow=\"fb1d806\" data-elementor-lightbox-title=\"fullsizeoutput_17e-2\" data-e-action-hash=\"#elementor-action%3Aaction%3Dlightbox%26settings%3DeyJpZCI6MjU2NDAsInVybCI6Imh0dHBzOlwvXC90a3BhcnRpemFuLnJzXC93cC1jb250ZW50XC91cGxvYWRzXC8yMDIzXC8wNFwvZnVsbHNpemVvdXRwdXRfMTdlLTIuanBlZyIsInNsaWRlc2hvdyI6ImZiMWQ4MDYifQ%3D%3D\" href='https:\/\/tkpartizan.rs\/wp-content\/uploads\/2023\/04\/fullsizeoutput_17e-2.jpeg'><img loading=\"lazy\" decoding=\"async\" width=\"300\" height=\"300\" src=\"https:\/\/tkpartizan.rs\/wp-content\/uploads\/2023\/04\/fullsizeoutput_17e-2.jpeg\" class=\"attachment-medium_large size-medium_large\" alt=\"\" aria-describedby=\"gallery-1-25640\" srcset=\"https:\/\/tkpartizan.rs\/wp-content\/uploads\/2023\/04\/fullsizeoutput_17e-2.jpeg 300w, https:\/\/tkpartizan.rs\/wp-content\/uploads\/2023\/04\/fullsizeoutput_17e-2-150x150.jpeg 150w, https:\/\/tkpartizan.rs\/wp-content\/uploads\/2023\/04\/fullsizeoutput_17e-2-120x120.jpeg 120w\" sizes=\"(max-width: 300px) 100vw, 300px\" \/><\/a>\n\t\t\t<\/div>\n\t\t\t\t<figcaption class='wp-caption-text gallery-caption' id='gallery-1-25640'>\n\t\t\t\tJelena Gen\u010di\u0107\n\t\t\t\t<\/figcaption><\/figure>\n\t\t<\/div>\n\t\t<\/div>\n\t\t\t\t<\/div>\n\t\t\t\t<\/div>\n\t\t\t\t\t<\/div>\n\t\t<\/div>\n\t\t\t\t\t<\/div>\n\t\t<\/section>\n\t\t\t\t<\/div>\n\t\t","protected":false},"excerpt":{"rendered":"<p>Novak \u0110okovi\u0107 Ana Ivanovi\u0107 Janko Tipisarevi\u0107 Andrea Petkovi\u0107 Du\u0161an Lajovi\u0107 Bojana Jovanovski Boris Pa\u0161anski Olga Danilovi\u0107 Ilija Bozoljac Du\u0161an Vemi\u0107 Radmilo Armenuli\u0107 Jelena Gen\u010di\u0107<\/p>\n","protected":false},"author":1,"featured_media":0,"parent":0,"menu_order":0,"comment_status":"closed","ping_status":"closed","template":"","meta":{"footnotes":""},"class_list":["post-25683","page","type-page","status-publish","hentry"],"_links":{"self":[{"href":"https:\/\/tkpartizan.rs\/en\/wp-json\/wp\/v2\/pages\/25683","targetHints":{"allow":["GET"]}}],"collection":[{"href":"https:\/\/tkpartizan.rs\/en\/wp-json\/wp\/v2\/pages"}],"about":[{"href":"https:\/\/tkpartizan.rs\/en\/wp-json\/wp\/v2\/types\/page"}],"author":[{"embeddable":true,"href":"https:\/\/tkpartizan.rs\/en\/wp-json\/wp\/v2\/users\/1"}],"replies":[{"embeddable":true,"href":"https:\/\/tkpartizan.rs\/en\/wp-json\/wp\/v2\/comments?post=25683"}],"version-history":[{"count":4,"href":"https:\/\/tkpartizan.rs\/en\/wp-json\/wp\/v2\/pages\/25683\/revisions"}],"predecessor-version":[{"id":25687,"href":"https:\/\/tkpartizan.rs\/en\/wp-json\/wp\/v2\/pages\/25683\/revisions\/25687"}],"wp:attachment":[{"href":"https:\/\/tkpartizan.rs\/en\/wp-json\/wp\/v2\/media?parent=25683"}],"curies":[{"name":"wp","href":"https:\/\/api.w.org\/{rel}","templated":true}]}}